{"id":248,"date":"2018-12-11T14:49:16","date_gmt":"2018-12-11T13:49:16","guid":{"rendered":"https:\/\/etoile-plastique.com\/produit\/tabouret-hammam\/"},"modified":"2018-12-12T23:21:45","modified_gmt":"2018-12-12T22:21:45","slug":"tabouret-hammam","status":"publish","type":"product","link":"https:\/\/etoile-plastique.com\/es\/produit\/tabouret-hammam\/","title":{"rendered":"TABOURET HAMMAM"},"content":{"rendered":"","protected":false},"excerpt":{"rendered":"<p>Accessoire indispensable dans votre salle de bain. Solide et confortable avec assise ajour\u00e9e. Et pour votre s\u00e9curit\u00e9 ce tabouret poss\u00e8de un syst\u00e8me antid\u00e9rapant<\/p>\n<p><a href=\"https:\/\/etoile-plastique.com\/es\/produit\/tabouret-hammam\/\">Continue Reading<span class=\"meta-nav\">&rarr;<\/span><\/a><\/p>\n","protected":false},"featured_media":81,"template":"","meta":[],"class_list":{"0":"post-248","1":"product","2":"type-product","3":"status-publish","4":"has-post-thumbnail","6":"product_cat-meubles-de-jardin-chaises","7":"product_cat-meubles-de-jardin","9":"first","10":"instock","11":"shipping-taxable","12":"product-type-simple"},"_links":{"self":[{"href":"https:\/\/etoile-plastique.com\/es\/wp-json\/wp\/v2\/product\/248\/"}],"collection":[{"href":"https:\/\/etoile-plastique.com\/es\/wp-json\/wp\/v2\/product\/"}],"about":[{"href":"https:\/\/etoile-plastique.com\/es\/wp-json\/wp\/v2\/types\/product\/"}],"wp:featuredmedia":[{"embeddable":true,"href":"https:\/\/etoile-plastique.com\/es\/wp-json\/wp\/v2\/media\/81\/"}],"wp:attachment":[{"href":"https:\/\/etoile-plastique.com\/es\/wp-json\/wp\/v2\/media\/?parent=248"}],"curies":[{"name":"wp","href":"https:\/\/api.w.org\/{rel}","templated":true}]}}