{"id":249,"date":"2018-12-11T14:49:17","date_gmt":"2018-12-11T13:49:17","guid":{"rendered":"https:\/\/etoile-plastique.com\/produit\/tabouret-elephant\/"},"modified":"2018-12-13T14:19:56","modified_gmt":"2018-12-13T13:19:56","slug":"tabouret-elephant","status":"publish","type":"product","link":"https:\/\/etoile-plastique.com\/es\/produit\/tabouret-elephant\/","title":{"rendered":"TABOURET ELEPHANT"},"content":{"rendered":"","protected":false},"excerpt":{"rendered":"<p>C&rsquo;est un tabouret bas avec dossier et caract\u00e9ris\u00e9 par une silouhaite bomb\u00e9 qui lui conf\u00e8re une solidit\u00e9 in\u00e9gal\u00e9e .Adapt\u00e9 aux espaces d&rsquo;int\u00e9rieur aussi bien que des balcons et des jardins, ce tabouret empilable peut m\u00eame \u00eatre employ\u00e9 en tant que meubles portatifs de pique-nique<\/p>\n<p><a href=\"https:\/\/etoile-plastique.com\/es\/produit\/tabouret-elephant\/\">Continue Reading<span class=\"meta-nav\">&rarr;<\/span><\/a><\/p>\n","protected":false},"featured_media":501,"template":"","meta":[],"class_list":{"0":"post-249","1":"product","2":"type-product","3":"status-publish","4":"has-post-thumbnail","6":"product_cat-meubles-de-jardin-chaises","7":"product_cat-meubles-de-jardin","9":"first","10":"instock","11":"shipping-taxable","12":"product-type-simple"},"_links":{"self":[{"href":"https:\/\/etoile-plastique.com\/es\/wp-json\/wp\/v2\/product\/249\/"}],"collection":[{"href":"https:\/\/etoile-plastique.com\/es\/wp-json\/wp\/v2\/product\/"}],"about":[{"href":"https:\/\/etoile-plastique.com\/es\/wp-json\/wp\/v2\/types\/product\/"}],"wp:featuredmedia":[{"embeddable":true,"href":"https:\/\/etoile-plastique.com\/es\/wp-json\/wp\/v2\/media\/501\/"}],"wp:attachment":[{"href":"https:\/\/etoile-plastique.com\/es\/wp-json\/wp\/v2\/media\/?parent=249"}],"curies":[{"name":"wp","href":"https:\/\/api.w.org\/{rel}","templated":true}]}}