{"id":263,"date":"2018-12-11T14:49:27","date_gmt":"2018-12-11T13:49:27","guid":{"rendered":"https:\/\/etoile-plastique.com\/produit\/gerrican-20l-p-b\/"},"modified":"2018-12-16T11:29:16","modified_gmt":"2018-12-16T10:29:16","slug":"gerrican-20l-p-b","status":"publish","type":"product","link":"https:\/\/etoile-plastique.com\/es\/produit\/gerrican-20l-p-b\/","title":{"rendered":"GERRICAN 20L P.B"},"content":{"rendered":"","protected":false},"excerpt":{"rendered":"<p>Jerricans extra fort de 20L \u00e0 60L fabriqu\u00e9s \u00e0 partir de PEHD anti-UV qualit\u00e9 alimentaire et con\u00e7us pour le transport d&rsquo;eau potable et d&rsquo;autres produits liquides.<br \/>\n Notre gamme comporte aussi les jerricans gerbales pour le syst\u00e8me de palettisation<\/p>\n<p><a href=\"https:\/\/etoile-plastique.com\/es\/produit\/gerrican-20l-p-b\/\">Continue Reading<span class=\"meta-nav\">&rarr;<\/span><\/a><\/p>\n","protected":false},"featured_media":264,"template":"","meta":[],"class_list":{"0":"post-263","1":"product","2":"type-product","3":"status-publish","4":"has-post-thumbnail","6":"product_cat-emballage","7":"product_cat-emballages-les-jerricans","9":"first","10":"instock","11":"featured","12":"shipping-taxable","13":"product-type-simple"},"_links":{"self":[{"href":"https:\/\/etoile-plastique.com\/es\/wp-json\/wp\/v2\/product\/263\/"}],"collection":[{"href":"https:\/\/etoile-plastique.com\/es\/wp-json\/wp\/v2\/product\/"}],"about":[{"href":"https:\/\/etoile-plastique.com\/es\/wp-json\/wp\/v2\/types\/product\/"}],"wp:featuredmedia":[{"embeddable":true,"href":"https:\/\/etoile-plastique.com\/es\/wp-json\/wp\/v2\/media\/264\/"}],"wp:attachment":[{"href":"https:\/\/etoile-plastique.com\/es\/wp-json\/wp\/v2\/media\/?parent=263"}],"curies":[{"name":"wp","href":"https:\/\/api.w.org\/{rel}","templated":true}]}}