{"id":275,"date":"2018-12-11T14:49:32","date_gmt":"2018-12-11T13:49:32","guid":{"rendered":"https:\/\/etoile-plastique.com\/produit\/salon-de-jardin\/"},"modified":"2018-12-11T21:32:19","modified_gmt":"2018-12-11T20:32:19","slug":"salon-de-jardin","status":"publish","type":"product","link":"https:\/\/etoile-plastique.com\/es\/produit\/salon-de-jardin\/","title":{"rendered":"SALON DE JARDIN"},"content":{"rendered":"","protected":false},"excerpt":{"rendered":"<p>Avec notre salon de jardin profitez de bons moments de d\u00e9tente dans votre jardin. Ce salon se compose d&rsquo;un canap\u00e9 de 03 places, un canap\u00e9 de 02 places et 02 canap\u00e9s d&rsquo;une place sans oubier les coussins pour une assise confortable ainsi que d&rsquo;une jolie table basse. Le salon est fabriqu\u00e9 en r\u00e9sine aspect tress\u00e9, un mat\u00e9riau de qualit\u00e9, l\u00e9ger, robuste et qui ne requiert quasiment aucun entretien. C&rsquo;est le salon de jardin id\u00e9al pour les personnes souhaitant un salon qui dure dans le temps tout en restant confortable et esth\u00e9tique.<\/p>\n<p><a href=\"https:\/\/etoile-plastique.com\/es\/produit\/salon-de-jardin\/\">Continue Reading<span class=\"meta-nav\">&rarr;<\/span><\/a><\/p>\n","protected":false},"featured_media":276,"template":"","meta":[],"class_list":{"0":"post-275","1":"product","2":"type-product","3":"status-publish","4":"has-post-thumbnail","6":"product_cat-meubles-de-jardin","7":"product_cat-salon-de-jardin-meubles-de-jardin","9":"first","10":"instock","11":"shipping-taxable","12":"product-type-simple"},"_links":{"self":[{"href":"https:\/\/etoile-plastique.com\/es\/wp-json\/wp\/v2\/product\/275\/"}],"collection":[{"href":"https:\/\/etoile-plastique.com\/es\/wp-json\/wp\/v2\/product\/"}],"about":[{"href":"https:\/\/etoile-plastique.com\/es\/wp-json\/wp\/v2\/types\/product\/"}],"wp:featuredmedia":[{"embeddable":true,"href":"https:\/\/etoile-plastique.com\/es\/wp-json\/wp\/v2\/media\/276\/"}],"wp:attachment":[{"href":"https:\/\/etoile-plastique.com\/es\/wp-json\/wp\/v2\/media\/?parent=275"}],"curies":[{"name":"wp","href":"https:\/\/api.w.org\/{rel}","templated":true}]}}