{"id":285,"date":"2018-12-11T14:49:38","date_gmt":"2018-12-11T13:49:38","guid":{"rendered":"https:\/\/etoile-plastique.com\/produit\/table-monobloc-rcle\/"},"modified":"2018-12-11T21:30:23","modified_gmt":"2018-12-11T20:30:23","slug":"table-monobloc-rcle","status":"publish","type":"product","link":"https:\/\/etoile-plastique.com\/es\/produit\/table-monobloc-rcle\/","title":{"rendered":"TABLE MONOBLOC RCLE"},"content":{"rendered":"","protected":false},"excerpt":{"rendered":"<p>Table monobloc rectangulaire et moderne, id\u00e9ale pour am\u00e9nager une terrasse ou jardin. Gr\u00e2ce \u00e0 ses larges dimensions, elle peut accueillir jusqu&rsquo;\u00e0 6 \u00e0 8 personnes. Sa structure monobloc lui procure une solidit\u00e9 e robustesse in\u00e9gal\u00e9e<\/p>\n<p><a href=\"https:\/\/etoile-plastique.com\/es\/produit\/table-monobloc-rcle\/\">Continue Reading<span class=\"meta-nav\">&rarr;<\/span><\/a><\/p>\n","protected":false},"featured_media":286,"template":"","meta":[],"class_list":{"0":"post-285","1":"product","2":"type-product","3":"status-publish","4":"has-post-thumbnail","6":"product_cat-meubles-de-jardin-tables","7":"product_cat-meubles-de-jardin","9":"first","10":"instock","11":"shipping-taxable","12":"product-type-simple"},"_links":{"self":[{"href":"https:\/\/etoile-plastique.com\/es\/wp-json\/wp\/v2\/product\/285\/"}],"collection":[{"href":"https:\/\/etoile-plastique.com\/es\/wp-json\/wp\/v2\/product\/"}],"about":[{"href":"https:\/\/etoile-plastique.com\/es\/wp-json\/wp\/v2\/types\/product\/"}],"wp:featuredmedia":[{"embeddable":true,"href":"https:\/\/etoile-plastique.com\/es\/wp-json\/wp\/v2\/media\/286\/"}],"wp:attachment":[{"href":"https:\/\/etoile-plastique.com\/es\/wp-json\/wp\/v2\/media\/?parent=285"}],"curies":[{"name":"wp","href":"https:\/\/api.w.org\/{rel}","templated":true}]}}