{"id":299,"date":"2018-12-11T14:49:49","date_gmt":"2018-12-11T13:49:49","guid":{"rendered":"https:\/\/etoile-plastique.com\/produit\/pots-de-fleurs-chrea-g-m\/"},"modified":"2018-12-12T23:06:20","modified_gmt":"2018-12-12T22:06:20","slug":"pots-de-fleurs-chrea-g-m","status":"publish","type":"product","link":"https:\/\/etoile-plastique.com\/es\/produit\/pots-de-fleurs-chrea-g-m\/","title":{"rendered":"POTS DE FLEURS CHREA G.M"},"content":{"rendered":"","protected":false},"excerpt":{"rendered":"<p>Con\u00e7u en PEHD qualit\u00e9 premium, Nos models CHREA et DJURDJURA allient entre l\u00e9g\u00e8ret\u00e9 et robustesse, un bon choix pour mettre en valeur vos jolies plantes, s&rsquo;int\u00e8grent parfaitement dans une d\u00e9coration contemporaine. Dot\u00e9s d&rsquo;un cahes et pr\u00e9perc\u00e9s, ils permets l&rsquo;\u00e9vacuation facile de l&rsquo;eau pour un drainage efficace et prot\u00e8gent ainsi vos plantes du pourrissement.<\/p>\n<p>&nbsp;<\/p>\n<p>T\u00e9l\u00e9charger Fiche technique cliquez ici<\/p>\n<p><a href=\"https:\/\/etoile-plastique.com\/es\/produit\/pots-de-fleurs-chrea-g-m\/\">Continue Reading<span class=\"meta-nav\">&rarr;<\/span><\/a><\/p>\n","protected":false},"featured_media":300,"template":"","meta":[],"class_list":{"0":"post-299","1":"product","2":"type-product","3":"status-publish","4":"has-post-thumbnail","6":"product_cat-meubles-de-jardin","7":"product_cat-pot-de-fleurs-meubles-de-jardin","9":"first","10":"instock","11":"shipping-taxable","12":"product-type-simple"},"_links":{"self":[{"href":"https:\/\/etoile-plastique.com\/es\/wp-json\/wp\/v2\/product\/299\/"}],"collection":[{"href":"https:\/\/etoile-plastique.com\/es\/wp-json\/wp\/v2\/product\/"}],"about":[{"href":"https:\/\/etoile-plastique.com\/es\/wp-json\/wp\/v2\/types\/product\/"}],"wp:featuredmedia":[{"embeddable":true,"href":"https:\/\/etoile-plastique.com\/es\/wp-json\/wp\/v2\/media\/300\/"}],"wp:attachment":[{"href":"https:\/\/etoile-plastique.com\/es\/wp-json\/wp\/v2\/media\/?parent=299"}],"curies":[{"name":"wp","href":"https:\/\/api.w.org\/{rel}","templated":true}]}}