{"id":315,"date":"2018-12-11T14:49:55","date_gmt":"2018-12-11T13:49:55","guid":{"rendered":"https:\/\/etoile-plastique.com\/produit\/chariot-profe-a-roue-import-vide-sans-poubelle\/"},"modified":"2018-12-15T23:13:39","modified_gmt":"2018-12-15T22:13:39","slug":"chariot-profe-a-roue-import-vide-sans-poubelle","status":"publish","type":"product","link":"https:\/\/etoile-plastique.com\/es\/produit\/chariot-profe-a-roue-import-vide-sans-poubelle\/","title":{"rendered":"CHARIOT PROFE A\/ROUE IMPORT VIDE SANS POUBELLE"},"content":{"rendered":"","protected":false},"excerpt":{"rendered":"<p>Les chariots de voirie pour cantonier \u00e9quip\u00e9s avec 01 ou 02 poubelles et un balai de voirie id\u00e9ales pour l&rsquo;entretien des espaces ext\u00e9rieurs.<br \/>\nStructure robuste \u00d825 mm avec rev\u00eatement antirouille vert Equip\u00e9s de deux roues avec semelle en caoutchouc Formes arrondies et lisses, sans angles, ce qui facilite la d\u00e9charge et le nettoyage Ceintures de maintien des poubelles pour la s\u00e9curit\u00e9 et un travail propre<\/p>\n<p><a href=\"https:\/\/etoile-plastique.com\/es\/produit\/chariot-profe-a-roue-import-vide-sans-poubelle\/\">Continue Reading<span class=\"meta-nav\">&rarr;<\/span><\/a><\/p>\n","protected":false},"featured_media":489,"template":"","meta":[],"class_list":{"0":"post-315","1":"product","2":"type-product","3":"status-publish","4":"has-post-thumbnail","6":"product_cat-chariots-professionnels-avec-balais-de-voirie-mobiliers-urbain","7":"product_cat-mobiliers-urbain","9":"first","10":"instock","11":"shipping-taxable","12":"product-type-simple"},"_links":{"self":[{"href":"https:\/\/etoile-plastique.com\/es\/wp-json\/wp\/v2\/product\/315\/"}],"collection":[{"href":"https:\/\/etoile-plastique.com\/es\/wp-json\/wp\/v2\/product\/"}],"about":[{"href":"https:\/\/etoile-plastique.com\/es\/wp-json\/wp\/v2\/types\/product\/"}],"wp:featuredmedia":[{"embeddable":true,"href":"https:\/\/etoile-plastique.com\/es\/wp-json\/wp\/v2\/media\/489\/"}],"wp:attachment":[{"href":"https:\/\/etoile-plastique.com\/es\/wp-json\/wp\/v2\/media\/?parent=315"}],"curies":[{"name":"wp","href":"https:\/\/api.w.org\/{rel}","templated":true}]}}