{"id":872,"date":"2018-12-11T14:49:53","date_gmt":"2018-12-25T21:07:49","guid":{"rendered":"https:\/\/etoile-plastique.com\/produit\/djurdjura-macetas-modelo-pequeno\/"},"modified":"2018-12-25T22:07:49","modified_gmt":"2018-12-25T21:07:49","slug":"pots-de-fleurs-djurdjura-pm-2","status":"publish","type":"product","link":"https:\/\/etoile-plastique.com\/es\/produit\/pots-de-fleurs-djurdjura-pm-2\/","title":{"rendered":"DJURDJURA macetas modelo peque\u00f1o"},"content":{"rendered":"","protected":false},"excerpt":{"rendered":"<p>Dise\u00f1ados en calidad premium de HDPE, nuestros modelos CHREA y DJURDJURA se combinan entre ligereza y robustez, una buena opci\u00f3n para resaltar sus hermosas plantas, integrarse perfectamente en una decoraci\u00f3n contempor\u00e1nea. Equipado con un cahes y preperforado, permiten el drenaje f\u00e1cil del agua para el drenaje eficiente y as\u00ed protegen sus plantas de putrefacci\u00f3n.<\/p>\n<p><a href=\"https:\/\/etoile-plastique.com\/es\/produit\/pots-de-fleurs-djurdjura-pm-2\/\">Continue Reading<span class=\"meta-nav\">&rarr;<\/span><\/a><\/p>\n","protected":false},"featured_media":0,"template":"","meta":[],"class_list":{"0":"post-872","1":"product","2":"type-product","3":"status-publish","5":"product_cat-pot-de-fleurs-meubles-de-jardin","6":"product_cat-meubles-de-jardin","8":"first","9":"instock","10":"featured","11":"shipping-taxable","12":"product-type-simple"},"_links":{"self":[{"href":"https:\/\/etoile-plastique.com\/es\/wp-json\/wp\/v2\/product\/872\/"}],"collection":[{"href":"https:\/\/etoile-plastique.com\/es\/wp-json\/wp\/v2\/product\/"}],"about":[{"href":"https:\/\/etoile-plastique.com\/es\/wp-json\/wp\/v2\/types\/product\/"}],"wp:attachment":[{"href":"https:\/\/etoile-plastique.com\/es\/wp-json\/wp\/v2\/media\/?parent=872"}],"curies":[{"name":"wp","href":"https:\/\/api.w.org\/{rel}","templated":true}]}}